{"id":7799,"date":"2019-04-23T17:38:49","date_gmt":"2019-04-23T16:38:49","guid":{"rendered":"http:\/\/inovacaosocial.aldeia.inovacaosocial.portugal2020.pt\/?page_id=7799"},"modified":"2019-07-23T15:37:31","modified_gmt":"2019-07-23T14:37:31","slug":"useful-information","status":"publish","type":"page","link":"https:\/\/inovacaosocial.portugal2020.pt\/en\/useful-information\/","title":{"rendered":"Useful Information"},"content":{"rendered":"<p>[et_pb_section fb_built=&#8221;1&#8243; specialty=&#8221;on&#8221; _builder_version=&#8221;3.10&#8243; custom_margin=&#8221;130px|||&#8221;][et_pb_column type=&#8221;1_3&#8243; _builder_version=&#8221;3.0.47&#8243;][et_pb_post_title meta=&#8221;off&#8221; featured_image=&#8221;off&#8221; _builder_version=&#8221;3.21.1&#8243;][\/et_pb_post_title][et_pb_text module_class=&#8221;sub-content&#8221; _builder_version=&#8221;3.19.3&#8243;]<a href=\"#lex\">Reference documents<\/a><\/p>\n<p><a href=\"#refs\">Useful references on Social Innovation<\/a><\/p>\n<p><a href=\"#links\">Useful links<\/a><br \/>\n[\/et_pb_text][\/et_pb_column][et_pb_column type=&#8221;2_3&#8243; specialty_columns=&#8221;2&#8243; _builder_version=&#8221;3.0.47&#8243;][et_pb_row_inner admin_label=&#8221;Row&#8221; module_id=&#8221;lex&#8221; _builder_version=&#8221;3.19.3&#8243;][et_pb_column_inner type=&#8221;4_4&#8243; saved_specialty_column_type=&#8221;2_3&#8243; _builder_version=&#8221;3.0.47&#8243;][et_pb_text _builder_version=&#8221;3.21.1&#8243;]<\/p>\n<h3>Reference documents<\/h3>\n<p><b>Europe<\/b><\/p>\n<ul>\n<li><a href=\"https:\/\/aldeia.inovacaosocial.portugal2020.pt\/wp-content\/uploads\/sites\/3\/2018\/09\/1_ficheiro_a_europa_2020.pdf\">Europe 2020 Strategy<\/a><\/li>\n<li><a href=\"https:\/\/aldeia.inovacaosocial.portugal2020.pt\/wp-content\/uploads\/sites\/3\/2018\/09\/1_ficheiro_a1_metas_da_europa_2020_targets_pt.pdf\">Europe 2020 Strategy Goals<\/a><\/li>\n<li><a href=\"https:\/\/aldeia.inovacaosocial.portugal2020.pt\/wp-content\/uploads\/sites\/3\/2018\/09\/1_ficheiro_a1_metas_da_europa_2020_targets_pt-1.pdf\">Elements of a Shared Strategic Framework for 2014-2020<\/a><\/li>\n<li><a href=\"https:\/\/aldeia.inovacaosocial.portugal2020.pt\/wp-content\/uploads\/sites\/3\/2018\/09\/10._regional_innovation_scoreboard_2012.pdf\">Regional Innovation Ranking<\/a><\/li>\n<li><a href=\"https:\/\/aldeia.inovacaosocial.portugal2020.pt\/wp-content\/uploads\/sites\/3\/2018\/09\/11._guide_to_social_innovation.pdf\">Guide to Social Innovation<\/a><\/li>\n<\/ul>\n<p><b>Portugal<\/b><\/p>\n<p>&nbsp;<\/p>\n<ul>\n<li><a href=\"https:\/\/aldeia.inovacaosocial.portugal2020.pt\/wp-content\/uploads\/sites\/3\/2018\/09\/14_ficheiro_o_plano_nacional_de_reformas.pdf\">The 2020 Portugal National Reform Programme<\/a><\/li>\n<li><a href=\"https:\/\/aldeia.inovacaosocial.portugal2020.pt\/wp-content\/uploads\/sites\/3\/2018\/09\/acordodeparceria_julho2014.pdf\">Partnership Agreement<\/a><\/li>\n<\/ul>\n<p>[\/et_pb_text][\/et_pb_column_inner][\/et_pb_row_inner][et_pb_row_inner admin_label=&#8221;Row&#8221; module_id=&#8221;refs&#8221; _builder_version=&#8221;3.19.3&#8243;][et_pb_column_inner type=&#8221;4_4&#8243; saved_specialty_column_type=&#8221;2_3&#8243; _builder_version=&#8221;3.0.47&#8243;][et_pb_text _builder_version=&#8221;3.21.1&#8243;]<code><\/code><\/p>\n<h3>Useful references on Social Innovation<\/h3>\n<ul>\n<li style=\"font-weight: 400;\"><a href=\"http:\/\/gsgii.org\/\">Global Steering Group for Impact Investment (GSG II) <\/a><\/li>\n<li style=\"font-weight: 400;\"><a href=\"https:\/\/thegiin.org\/\"><span style=\"font-weight: 400;\"> Global Impact Investing Network (GIIN)<\/span><\/a><\/li>\n<li><a href=\"https:\/\/evpa.eu.com\/\">European Venture Philanthropy Association (EVPA)<\/a><\/li>\n<li style=\"font-weight: 400;\"><a href=\"https:\/\/impactmanagementproject.com\/\"><span style=\"font-weight: 400;\">Impact Management Project (IMP)<br \/>\n<\/span><\/a><\/li>\n<li style=\"font-weight: 400;\"><a href=\"https:\/\/ec.europa.eu\/social\/main.jsp?catId=1081\"><span style=\"font-weight: 400;\">EU Employment and Social Innovation (EASI)<\/span><\/a><\/li>\n<li style=\"font-weight: 400;\"><a href=\"https:\/\/institute.eib.org\/\"><span style=\"font-weight: 400;\">European Investment Bank Institute<\/span><\/a><\/li>\n<\/ul>\n<p>[\/et_pb_text][\/et_pb_column_inner][\/et_pb_row_inner][et_pb_row_inner admin_label=&#8221;Row&#8221; module_id=&#8221;links&#8221; _builder_version=&#8221;3.19.3&#8243;][et_pb_column_inner type=&#8221;4_4&#8243; saved_specialty_column_type=&#8221;2_3&#8243; _builder_version=&#8221;3.0.47&#8243;][et_pb_text _builder_version=&#8221;3.21.1&#8243;]<\/p>\n<h3>Useful links<\/h3>\n<p>&nbsp;<\/p>\n<p><b>Managing Authorities<\/b><\/p>\n<ul>\n<li><a href=\"http:\/\/www.norte2020.pt\/\">NORTE 2020 &#8211; Programa Operacional Regional do Norte<\/a><\/li>\n<li><a href=\"http:\/\/www.centro.portugal2020.pt\/\">CENTRO 2020 &#8211; Programa Operacional Regional do Centro<\/a><\/li>\n<li><a href=\"http:\/\/www.ccdr-lvt.pt\/pt\/lisboa-2014---2020\/8131.htm\">LISBOA 2020 &#8211; Programa Operacional Regional de Lisboa<\/a><\/li>\n<li><a href=\"http:\/\/www.alentejo.portugal2020.pt\/\">ALENTEJO 2020 &#8211; Programa Operacional Regional do Alentejo<\/a><\/li>\n<li><a href=\"http:\/\/www.algarve.portugal2020.pt\">CRESC ALGARVE 2020 &#8211; Programa Operacional Regional do Algarve<\/a><\/li>\n<li><a href=\"http:\/\/www.poacores2020.azores.gov.pt\">A\u00c7ORES 2020 &#8211; Programa Operacional Regional dos A\u00e7ores<\/a><\/li>\n<li><a href=\"http:\/\/www.idr.gov-madeira.pt\/m1420\/Principal.aspx\">MADEIRA 14-20 &#8211; Programa Operacional Regional da Madeira<\/a><\/li>\n<li><a href=\"http:\/\/www.poise.pt\/\">POISE &#8211; Inclus\u00e3o Social e Emprego<\/a><\/li>\n<li><a href=\"http:\/\/www.poch.pt\/\">POCH &#8211; Capital Humano<\/a><\/li>\n<li><a href=\"https:\/\/poseur.portugal2020.pt\/\">POSEUR &#8211; Sustentabilidade e Efici\u00eancia no Uso dos Recursos<\/a><\/li>\n<li><a href=\"http:\/\/www.poci-compete2020.pt\/\">COMPETE 2020 &#8211; Programa Operacional Competitividade e Internacionaliza\u00e7\u00e3o<\/a><\/li>\n<\/ul>\n<p>&nbsp;<\/p>\n<p><b>Regional Development and Coordination Committees<\/b><\/p>\n<ul>\n<li><a href=\"http:\/\/www.ccdr-n.pt\/\">Comiss\u00e3o de Coordena\u00e7\u00e3o e Desenvolvimento Regional do Norte<\/a><\/li>\n<li><a href=\"http:\/\/www.ccdrc.pt\/\">Comiss\u00e3o de Coordena\u00e7\u00e3o e Desenvolvimento Regional do Centro<\/a><\/li>\n<li><a href=\"http:\/\/www.ccdr-lvt.pt\/pt\/\">Comiss\u00e3o de Coordena\u00e7\u00e3o e Desenvolvimento Regional de Lisboa e Vale do Tejo<\/a><\/li>\n<li><a href=\"http:\/\/webb.ccdr-a.gov.pt\/\">Comiss\u00e3o de Coordena\u00e7\u00e3o e Desenvolvimento Regional do Alentejo<\/a><\/li>\n<li><a href=\"http:\/\/www.ccdr-alg.pt\/site\/\">Comiss\u00e3o de Coordena\u00e7\u00e3o e Desenvolvimento Regional do Algarve<\/a><\/li>\n<\/ul>\n<p>&nbsp;<\/p>\n<p><b>Sovereign Bodies<\/b><\/p>\n<ul>\n<li><a href=\"http:\/\/www.portugal.gov.pt\/pt.aspx\"><span style=\"font-weight: 400;\">Portuguese Government<\/span><\/a><\/li>\n<li><a href=\"http:\/\/www.parlamento.pt\/Paginas\/default.aspx\">National Assembly<\/a><\/li>\n<li><a href=\"http:\/\/www.presidencia.pt\/\"><span style=\"font-weight: 400;\">Presidency of the Portuguese Republic<\/span><\/a><\/li>\n<li><a href=\"http:\/\/www.azores.gov.pt\/Portal\/pt\/principal\/homepage.htm\"><span style=\"font-weight: 400;\">Presidency of the Autonomous Region of the Azores<\/span><\/a><\/li>\n<li><a href=\"http:\/\/www.gov-madeira.pt\/madeira\/conteudo\/homepage.do2\"><span style=\"font-weight: 400;\">Presidency of the Autonomous Region of Madeira<\/span><\/a><\/li>\n<\/ul>\n<p>&nbsp;<\/p>\n<p><b>European Union<\/b><\/p>\n<ul>\n<li><a href=\"http:\/\/europa.eu\/index_pt.htm\"><span style=\"font-weight: 400;\">European Union<\/span><\/a><\/li>\n<li style=\"font-weight: 400;\"><a href=\"http:\/\/ec.europa.eu\/index_pt.htm\"><span style=\"font-weight: 400;\">European Commission<\/span><\/a><\/li>\n<li><a href=\"http:\/\/ec.europa.eu\/portugal\/comissao\/index_pt.htm\"><span style=\"font-weight: 400;\">Representation of the European Commission in Portugal<\/span><\/a><\/li>\n<li><a href=\"http:\/\/ec.europa.eu\/programmes\/horizon2020\/\"><span style=\"font-weight: 400;\">Horizon 2020 (EU Framework Programme for Research and Innovation for 2014-2020)<\/span><\/a><\/li>\n<li><a href=\"http:\/\/ec.europa.eu\/programmes\/creative-europe\/index_en.htm\"><span style=\"font-weight: 400;\">Creative Europe<\/span><\/a><\/li>\n<li><a href=\"http:\/\/www.eubrazilconnect.com\/\"><span style=\"font-weight: 400;\">Connect (Entrepreneurship Programme for young European entrepreneurs)<\/span><\/a><\/li>\n<li><a href=\"http:\/\/www.eurocid.pt\/pls\/wsd\/wsdwhom0.inicio\"><span style=\"font-weight: 400;\">Jacques Delors European Information Centre<\/span><\/a><\/li>\n<\/ul>\n<p>&nbsp;<\/p>\n<p><b>Other Bodies<\/b><\/p>\n<ul>\n<li><a href=\"http:\/\/www.acm.gov.pt\/inicio\">ACM &#8211; Alto Comissariado para as Migra\u00e7\u00f5es<\/a><\/li>\n<li><a href=\"http:\/\/www.acss.min-saude.pt\/\">ACSS &#8211; Administra\u00e7\u00e3o Central do Sistema de Sa\u00fade, I.P.<\/a><\/li>\n<li><a href=\"http:\/\/www.adcoesao.pt\/index.html\">ADC &#8211; Ag\u00eancia para o Desenvolvimento e Coes\u00e3o, I.P.<\/a><\/li>\n<li><a href=\"http:\/\/www.adi.pt\/index.html\">ANI &#8211; Ag\u00eancia Nacional de Inova\u00e7\u00e3o<\/a><\/li>\n<li><a href=\"http:\/\/www.anqep.gov.pt\/default.aspx\">ANQEP &#8211; Ag\u00eancia Nacional para a Qualifica\u00e7\u00e3o e o Ensino Profissional, I.P.<\/a><\/li>\n<li><a href=\"http:\/\/www.portugalglobal.pt\/PT\/Paginas\/Index.aspx\">AICEP &#8211; Ag\u00eancia para o Investimento e Com\u00e9rcio Externo de Portugal, E.P.E<\/a><\/li>\n<li><a href=\"http:\/\/www.aml.pt\/\">AML &#8211; \u00c1rea Metropolitana de Lisboa<\/a><\/li>\n<li><a style=\"font-size: 18px;\" href=\"http:\/\/www.cig.gov.pt\/\">CIG \u2013 Comiss\u00e3o para a Cidadania e Igualdade de G\u00e9nero<\/a><\/li>\n<li><a href=\"https:\/\/www.dge.mec.pt\/\">DGE &#8211; Dire\u00e7\u00e3o Geral de Educa\u00e7\u00e3o<\/a><\/li>\n<li><a href=\"https:\/\/dgrsp.justica.gov.pt\/\">DGRSP &#8211; Dire\u00e7\u00e3o Geral de Reinser\u00e7\u00e3o e Servi\u00e7os Prisionais<\/a><\/li>\n<li><a href=\"http:\/\/www.fct.pt\/index.phtml.pt\">FCT &#8211; Funda\u00e7\u00e3o para a Ci\u00eancia e a Tecnologia<\/a><\/li>\n<li><a href=\"http:\/\/www.iapmei.pt\/\">IAPMEI &#8211; Ag\u00eancia para a Competitividade e Inova\u00e7\u00e3o, I.P.<\/a><\/li>\n<li><a href=\"http:\/\/www.iapmei.pt\/\">IEFP &#8211; Instituto do Emprego e Forma\u00e7\u00e3o Profissional\u00a0<\/a><\/li>\n<li><a href=\"http:\/\/www.ifd.pt\/\">IFD \u2013 Institui\u00e7\u00e3o Financeira de Desenvolvimento<\/a><\/li>\n<li><a href=\"http:\/\/www4.seg-social.pt\/\">ISS \u2013 Instituto de Seguran\u00e7a Social<\/a><\/li>\n<li><a href=\"https:\/\/www.portugal2020.pt\/\">Portal Portugal 2020<\/a><\/li>\n<\/ul>\n<p>[\/et_pb_text][\/et_pb_column_inner][\/et_pb_row_inner][\/et_pb_column][\/et_pb_section]<\/p>\n","protected":false},"excerpt":{"rendered":"<p>Reference documents Useful references on Social Innovation Useful links Reference documents Europe Europe 2020 Strategy Europe 2020 Strategy Goals Elements of a Shared Strategic Framework for 2014-2020 Regional Innovation Ranking Guide to Social Innovation Portugal &nbsp; The 2020 Portugal National Reform Programme Partnership Agreement Useful references on Social Innovation Global Steering Group for Impact Investment [&hellip;]<\/p>\n","protected":false},"author":2,"featured_media":0,"parent":0,"menu_order":0,"comment_status":"closed","ping_status":"closed","template":"internalpage.php","meta":{"_acf_changed":false,"_et_pb_use_builder":"on","_et_pb_old_content":"","_et_gb_content_width":"","inline_featured_image":false,"footnotes":""},"class_list":["post-7799","page","type-page","status-publish","hentry"],"acf":[],"_links":{"self":[{"href":"https:\/\/inovacaosocial.portugal2020.pt\/en\/wp-json\/wp\/v2\/pages\/7799","targetHints":{"allow":["GET"]}}],"collection":[{"href":"https:\/\/inovacaosocial.portugal2020.pt\/en\/wp-json\/wp\/v2\/pages"}],"about":[{"href":"https:\/\/inovacaosocial.portugal2020.pt\/en\/wp-json\/wp\/v2\/types\/page"}],"author":[{"embeddable":true,"href":"https:\/\/inovacaosocial.portugal2020.pt\/en\/wp-json\/wp\/v2\/users\/2"}],"replies":[{"embeddable":true,"href":"https:\/\/inovacaosocial.portugal2020.pt\/en\/wp-json\/wp\/v2\/comments?post=7799"}],"version-history":[{"count":5,"href":"https:\/\/inovacaosocial.portugal2020.pt\/en\/wp-json\/wp\/v2\/pages\/7799\/revisions"}],"predecessor-version":[{"id":10085,"href":"https:\/\/inovacaosocial.portugal2020.pt\/en\/wp-json\/wp\/v2\/pages\/7799\/revisions\/10085"}],"wp:attachment":[{"href":"https:\/\/inovacaosocial.portugal2020.pt\/en\/wp-json\/wp\/v2\/media?parent=7799"}],"curies":[{"name":"wp","href":"https:\/\/api.w.org\/{rel}","templated":true}]}}