{"id":7743,"date":"2019-04-23T16:30:45","date_gmt":"2019-04-23T15:30:45","guid":{"rendered":"http:\/\/inovacaosocial.aldeia.inovacaosocial.portugal2020.pt\/?page_id=7743"},"modified":"2019-10-15T15:29:02","modified_gmt":"2019-10-15T14:29:02","slug":"social-impact-bonds","status":"publish","type":"page","link":"https:\/\/inovacaosocial.portugal2020.pt\/en\/financing\/social-impact-bonds\/","title":{"rendered":"Social Impact Bonds"},"content":{"rendered":"<p>[et_pb_section fb_built=&#8221;1&#8243; fullwidth=&#8221;on&#8221; module_class=&#8221;internal-page&#8221; _builder_version=&#8221;3.22.3&#8243;][et_pb_fullwidth_header title=&#8221;SOCIAL IMPACT BONDS&#8221; header_fullscreen=&#8221;on&#8221; background_overlay_color=&#8221;rgba(51,51,51,0.6)&#8221; _builder_version=&#8221;3.25.4&#8243; background_color=&#8221;rgba(126,190,197,0)&#8221; background_image=&#8221;https:\/\/aldeia.inovacaosocial.portugal2020.pt\/wp-content\/uploads\/sites\/3\/2019\/08\/photo-1559017958-5464bd2869a4.jpg&#8221; background_position=&#8221;top_center&#8221; z_index_tablet=&#8221;500&#8243; button_one_text_size__hover_enabled=&#8221;off&#8221; button_one_text_size__hover=&#8221;null&#8221; button_two_text_size__hover_enabled=&#8221;off&#8221; button_two_text_size__hover=&#8221;null&#8221; button_one_text_color__hover_enabled=&#8221;off&#8221; button_one_text_color__hover=&#8221;null&#8221; button_two_text_color__hover_enabled=&#8221;off&#8221; button_two_text_color__hover=&#8221;null&#8221; button_one_border_width__hover_enabled=&#8221;off&#8221; button_one_border_width__hover=&#8221;null&#8221; button_two_border_width__hover_enabled=&#8221;off&#8221; button_two_border_width__hover=&#8221;null&#8221; button_one_border_color__hover_enabled=&#8221;off&#8221; button_one_border_color__hover=&#8221;null&#8221; button_two_border_color__hover_enabled=&#8221;off&#8221; button_two_border_color__hover=&#8221;null&#8221; button_one_border_radius__hover_enabled=&#8221;off&#8221; button_one_border_radius__hover=&#8221;null&#8221; button_two_border_radius__hover_enabled=&#8221;off&#8221; button_two_border_radius__hover=&#8221;null&#8221; button_one_letter_spacing__hover_enabled=&#8221;off&#8221; button_one_letter_spacing__hover=&#8221;null&#8221; button_two_letter_spacing__hover_enabled=&#8221;off&#8221; button_two_letter_spacing__hover=&#8221;null&#8221; button_one_bg_color__hover_enabled=&#8221;off&#8221; button_one_bg_color__hover=&#8221;null&#8221; button_two_bg_color__hover_enabled=&#8221;off&#8221; button_two_bg_color__hover=&#8221;null&#8221; title_text_shadow_style=&#8221;preset1&#8243; title_font=&#8221;|300|||||||&#8221;]<\/p>\n<p>Finances innovative projects in priority public policy areas against delivery of previously agreed measurable social outcomes.<\/p>\n<p>[\/et_pb_fullwidth_header][\/et_pb_section][et_pb_section fb_built=&#8221;1&#8243; _builder_version=&#8221;3.22.3&#8243; background_color=&#8221;#4fb69c&#8221;][et_pb_row _builder_version=&#8221;3.25&#8243; background_size=&#8221;initial&#8221; background_position=&#8221;top_left&#8221; background_repeat=&#8221;repeat&#8221;][et_pb_column type=&#8221;4_4&#8243; _builder_version=&#8221;3.25&#8243; custom_padding=&#8221;|||&#8221; custom_padding__hover=&#8221;|||&#8221;][et_pb_text _builder_version=&#8221;3.22.4&#8243; background_layout=&#8221;dark&#8221; max_width=&#8221;70%&#8221; module_alignment=&#8221;left&#8221; z_index_tablet=&#8221;500&#8243;]<\/p>\n<h2>Purpose<\/h2>\n<p>[\/et_pb_text][et_pb_text _builder_version=&#8221;3.22.4&#8243; header_2_font_size=&#8221;39px&#8221; background_layout=&#8221;dark&#8221; max_width=&#8221;70%&#8221; max_width_last_edited=&#8221;on|phone&#8221; module_alignment=&#8221;left&#8221; z_index_tablet=&#8221;500&#8243;]The SOCIAL IMPACT BONDS financing instrument aims at financing, against an outcome-based contract, innovative projects committed to achieving social outcomes and efficiency gains in priority public policy areas, such as Social Protection, Employment, Healthcare, Justice and Education.<br \/>\n[\/et_pb_text][\/et_pb_column][\/et_pb_row][\/et_pb_section][et_pb_section fb_built=&#8221;1&#8243; _builder_version=&#8221;3.22.3&#8243;][et_pb_row _builder_version=&#8221;3.25&#8243; background_size=&#8221;initial&#8221; background_position=&#8221;top_left&#8221; background_repeat=&#8221;repeat&#8221;][et_pb_column type=&#8221;4_4&#8243; _builder_version=&#8221;3.25&#8243; custom_padding=&#8221;|||&#8221; custom_padding__hover=&#8221;|||&#8221;][et_pb_text _builder_version=&#8221;3.22.4&#8243; max_width=&#8221;70%&#8221; max_width_last_edited=&#8221;on|desktop&#8221; module_alignment=&#8221;left&#8221; z_index_tablet=&#8221;500&#8243;]<\/p>\n<h2>How it Works<\/h2>\n<p>[\/et_pb_text][et_pb_text _builder_version=&#8221;3.22.4&#8243; header_2_font_size=&#8221;39px&#8221; max_width=&#8221;70%&#8221; max_width_last_edited=&#8221;on|&#8221; module_alignment=&#8221;left&#8221; z_index_tablet=&#8221;500&#8243;]The project should be implemented by one or more private entities and financed by one or more social investors, and it should set out to achieve measurable social outcomes, the indicators and targets of which must be validated beforehand by the public authority that oversees the respective sectoral policy.<\/p>\n<p>Proposed social outcomes, as well as their respective indicators and targets, will be established and put into writing beforehand, based on the application. If said outcomes are achieved, the social investors will be fully reimbursed for the amount invested in achieving them.<\/p>\n<p>Applications should be submitted in partnership with the organisations involved: implementing organisations (those that are running the project), social investors (those who are financing the project) and public authorities (that confirm whether the project is aligned with public policy and the relevance of the expected outcomes).<\/p>\n<p>The financing needs of projects must be greater than EUR 50,000.<br \/>\n[\/et_pb_text][\/et_pb_column][\/et_pb_row][\/et_pb_section][et_pb_section fb_built=&#8221;1&#8243; _builder_version=&#8221;3.22.3&#8243; background_color=&#8221;#f7f7f7&#8243;][et_pb_row _builder_version=&#8221;3.25&#8243; background_size=&#8221;initial&#8221; background_position=&#8221;top_left&#8221; background_repeat=&#8221;repeat&#8221; z_index_tablet=&#8221;500&#8243;][et_pb_column type=&#8221;4_4&#8243; _builder_version=&#8221;3.25&#8243; custom_padding=&#8221;|||&#8221; custom_padding__hover=&#8221;|||&#8221;][et_pb_text _builder_version=&#8221;3.22.4&#8243; max_width=&#8221;70%&#8221; max_width_last_edited=&#8221;on|&#8221; z_index_tablet=&#8221;500&#8243;]<\/p>\n<h2>Who can apply?<\/h2>\n<p>[\/et_pb_text][et_pb_text _builder_version=&#8221;3.22.4&#8243; header_2_font_size=&#8221;39px&#8221; max_width=&#8221;70%&#8221; max_width_last_edited=&#8221;on|&#8221; module_alignment=&#8221;left&#8221; z_index_tablet=&#8221;500&#8243;]Any private sector or social sector organisations (Associations, Foundations, Cooperatives, Private Charity Institutions (IPSS), etc.) may be social investors or implementing organisations. Neither, however, may have a controlling interest in the other.<br \/>\n[\/et_pb_text][\/et_pb_column][\/et_pb_row][\/et_pb_section][et_pb_section fb_built=&#8221;1&#8243; _builder_version=&#8221;3.22.3&#8243;][et_pb_row _builder_version=&#8221;3.25&#8243; background_size=&#8221;initial&#8221; background_position=&#8221;top_left&#8221; background_repeat=&#8221;repeat&#8221;][et_pb_column type=&#8221;4_4&#8243; _builder_version=&#8221;3.25&#8243; custom_padding=&#8221;|||&#8221; custom_padding__hover=&#8221;|||&#8221;][et_pb_text _builder_version=&#8221;3.22.4&#8243; max_width=&#8221;70%&#8221; max_width_last_edited=&#8221;on|desktop&#8221; module_alignment=&#8221;left&#8221; z_index_tablet=&#8221;500&#8243;]<\/p>\n<h3><strong>Technical fields and corresponding Public Authorities<\/strong><\/h3>\n<p>[\/et_pb_text][et_pb_text _builder_version=&#8221;3.22.4&#8243; header_2_font_size=&#8221;39px&#8221; max_width=&#8221;70%&#8221; max_width_last_edited=&#8221;on|&#8221; module_alignment=&#8221;left&#8221; z_index_tablet=&#8221;500&#8243;]<\/p>\n<h3><\/h3>\n<ul class=\"list-links\">\n<li><strong>SOCIAL PROTECTION &#8211;&nbsp;<\/strong><a href=\"http:\/\/www.seg-social.pt\/iss-ip-instituto-da-seguranca-social-ip\" target=\"_blank\" rel=\"noopener noreferrer\">&nbsp;Instituto da Seguran\u00e7a Social<\/a><\/li>\n<li><strong>EMPLOYMENT &#8211;&nbsp;<\/strong><a href=\"http:\/\/www.seg-social.pt\/iss-ip-instituto-da-seguranca-social-ip\" target=\"_blank\" rel=\"noopener noreferrer\">Instituto do Emprego e Forma\u00e7\u00e3o Profissional<\/a><\/li>\n<li><strong>EDUCATION &#8211;&nbsp;<\/strong> <a href=\"http:\/\/www.dge.mec.pt\/\" target=\"_blank\" rel=\"noopener noreferrer\">Dire\u00e7\u00e3o Geral de Educa\u00e7\u00e3o | Ag\u00eancia Nacional para a Qualifica\u00e7\u00e3o e o Ensino Profissional<\/a><\/li>\n<li><strong>HEALTHCARE &#8211;&nbsp;&nbsp;<\/strong><a href=\"http:\/\/www.acss.min-saude.pt\/\" target=\"_blank\" rel=\"noopener noreferrer\">Administra\u00e7\u00e3o Central do Sistema de Sa\u00fade<\/a><\/li>\n<li><strong>JUSTICE &#8211;&nbsp;<\/strong> <a href=\"https:\/\/dgrsp.justica.gov.pt\/\" target=\"_blank\" rel=\"noopener noreferrer\">Dire\u00e7\u00e3o Geral de Reinser\u00e7\u00e3o e dos Servi\u00e7os Prisionais<\/a><\/li>\n<li><strong>DIGITAL INCLUSION &#8211;&nbsp;<\/strong><a href=\"https:\/\/www.fct.pt\/\" target=\"_blank\" rel=\"noopener noreferrer\">&nbsp;Funda\u00e7\u00e3o para a Ci\u00eancia e a Tecnologia<\/a><\/li>\n<\/ul>\n<p>[\/et_pb_text][\/et_pb_column][\/et_pb_row][\/et_pb_section][et_pb_section fb_built=&#8221;1&#8243; _builder_version=&#8221;3.22.3&#8243; custom_css_main_element=&#8221;background: repeating-linear-gradient( -45deg, rgba(79, 182, 156, .1), rgba(79, 182, 156, .1) 2px, rgba(255, 255, 255, .1) 2px, rgba(255, 255, 255, .1) 10px );&#8221;][et_pb_row _builder_version=&#8221;3.25&#8243; background_size=&#8221;initial&#8221; background_position=&#8221;top_left&#8221; background_repeat=&#8221;repeat&#8221;][et_pb_column type=&#8221;4_4&#8243; _builder_version=&#8221;3.25&#8243; custom_padding=&#8221;|||&#8221; custom_padding__hover=&#8221;|||&#8221;][et_pb_text _builder_version=&#8221;3.22.4&#8243; header_2_text_color=&#8221;#4fb69c&#8221; max_width=&#8221;70%&#8221; max_width_last_edited=&#8221;on|desktop&#8221; module_alignment=&#8221;left&#8221; z_index_tablet=&#8221;500&#8243;]<\/p>\n<h2>Tax incentives for those who invest in Social Impact Securities<\/h2>\n<p>[\/et_pb_text][et_pb_text _builder_version=&#8221;3.22.4&#8243; header_2_font_size=&#8221;39px&#8221; background_color=&#8221;#ffffff&#8221; max_width=&#8221;70%&#8221; max_width_last_edited=&#8221;on|&#8221; module_alignment=&#8221;left&#8221; custom_padding=&#8221;2rem|2rem|2rem|2rem&#8221; z_index_tablet=&#8221;500&#8243;]<\/p>\n<p>Pursuant to article 264 of Law No. 114\/2017, of 29 December, which approved the State Budget for 2018, article 19-A, related to deductions for Social Impact Securities partnerships, was added to the Tax Incentives Statute, paragraph one of which reads:<\/p>\n<p><strong>\u201cCash inflow from social investors, which they recognise as an expense under social impact securities partnerships, shall be deemed expenses and losses for the tax period, in an amount corresponding to 130% of the respective total or up to a cap of 8\/1000 of the sales turnover or turnover in services\u201d.<\/strong><\/p>\n<p>This new tax incentive allows Social Investors to recognise 130% of the total amount invested in Social Impact Securities in each tax period as an expense, regardless of any future reimbursement.<\/p>\n<p>The purpose of this tax incentive is to encourage Portuguese companies to invest in innovative and experimental projects that are trying new approaches to address social problems in priority public policy areas.<\/p>\n<p>[\/et_pb_text][\/et_pb_column][\/et_pb_row][et_pb_row make_equal=&#8221;on&#8221; _builder_version=&#8221;3.25&#8243; background_size=&#8221;initial&#8221; background_position=&#8221;top_left&#8221; background_repeat=&#8221;repeat&#8221; column_structure=&#8221;1_3,1_3,1_3&#8243;][et_pb_column type=&#8221;1_3&#8243; _builder_version=&#8221;3.25&#8243; custom_padding=&#8221;|||&#8221; custom_css_main_element=&#8221;    padding: 1rem;||    background: rgba(79,182,156,.8);||color: #fff;||    box-shadow: -8px 9px 10px 0px rgba(0,0,0,0.1), 0 0px 10px 0px rgba(0,0,0,0.1), 0 0px 10px 0 rgba(0,0,0,0.1);||&#8221; custom_padding__hover=&#8221;|||&#8221;][et_pb_text _builder_version=&#8221;3.22.4&#8243; header_2_text_color=&#8221;#4fb69c&#8221; text_orientation=&#8221;center&#8221; max_width_last_edited=&#8221;off|desktop&#8221; module_alignment=&#8221;left&#8221; z_index_tablet=&#8221;500&#8243;]<\/p>\n<p>Investment in Social Impact Securities<\/p>\n<p>[\/et_pb_text][\/et_pb_column][et_pb_column type=&#8221;1_3&#8243; _builder_version=&#8221;3.25&#8243; custom_padding=&#8221;|||&#8221; custom_css_before=&#8221;right: 95%;||    top: 50%;||    border: solid transparent;||    content: %22 %22;||    height: 0;||    width: 0;||    position: absolute;||    pointer-events: none;||    border-color: rgba(136, 183, 213, 0);||    border-left-color: rgba(79,182,156,.8);||    border-width: 30px;||    margin-top: -30px;&#8221; custom_css_main_element=&#8221;    padding: 1rem;||    background: rgba(79,182,156,.8);||color: #fff;||    box-shadow: -8px 9px 10px 0px rgba(0,0,0,0.1), 0 0px 10px 0px rgba(0,0,0,0.1), 0 0px 10px 0 rgba(0,0,0,0.1);||&#8221; custom_padding__hover=&#8221;|||&#8221;][et_pb_text _builder_version=&#8221;3.22.4&#8243; header_2_text_color=&#8221;#4fb69c&#8221; text_orientation=&#8221;center&#8221; max_width_last_edited=&#8221;on|desktop&#8221; module_alignment=&#8221;left&#8221; z_index_tablet=&#8221;500&#8243;]<\/p>\n<span class='et-tooltip'>Expenses with a 30% markup, for tax purposes <span class=\"icon_info_alt\"><\/span><span class='et-tooltip-box'>Investor deducts 130% of the amount invested from his or her profit<br \/><span class='et-tooltip-arrow'><\/span><\/span><\/span>\n<p>[\/et_pb_text][\/et_pb_column][et_pb_column type=&#8221;1_3&#8243; _builder_version=&#8221;3.25&#8243; custom_padding=&#8221;|||&#8221; custom_css_before=&#8221;right: 95%;||    top: 50%;||    border: solid transparent;||    content: %22 %22;||    height: 0;||    width: 0;||    position: absolute;||    pointer-events: none;||    border-color: rgba(136, 183, 213, 0);||    border-left-color: rgba(79,182,156,.8);||    border-width: 30px;||    margin-top: -30px;&#8221; custom_css_main_element=&#8221;    padding: 1rem;||    background: rgba(79,182,156,.8);||color: #fff;||    box-shadow: -8px 9px 10px 0px rgba(0,0,0,0.1), 0 0px 10px 0px rgba(0,0,0,0.1), 0 0px 10px 0 rgba(0,0,0,0.1);&#8221; custom_padding__hover=&#8221;|||&#8221;][et_pb_text _builder_version=&#8221;3.22.4&#8243; header_2_text_color=&#8221;#4fb69c&#8221; text_orientation=&#8221;center&#8221; max_width_last_edited=&#8221;on|desktop&#8221; module_alignment=&#8221;left&#8221; z_index_tablet=&#8221;500&#8243;]<\/p>\n<p>Regardless of any future reimbursement.<\/p>\n<p>[\/et_pb_text][\/et_pb_column][\/et_pb_row][\/et_pb_section][et_pb_section fb_built=&#8221;1&#8243; _builder_version=&#8221;3.22.3&#8243; custom_padding=&#8221;||0px|&#8221;][et_pb_row _builder_version=&#8221;3.25&#8243; background_size=&#8221;initial&#8221; background_position=&#8221;top_left&#8221; background_repeat=&#8221;repeat&#8221;][et_pb_column type=&#8221;4_4&#8243; _builder_version=&#8221;3.25&#8243; custom_padding=&#8221;|||&#8221; custom_padding__hover=&#8221;|||&#8221;][et_pb_text _builder_version=&#8221;3.22.4&#8243; header_2_font_size=&#8221;39px&#8221; background_color=&#8221;#ffffff&#8221; border_width_top=&#8221;1&#8243; text_orientation=&#8221;right&#8221; max_width_last_edited=&#8221;on|phone&#8221; module_alignment=&#8221;left&#8221; custom_padding=&#8221;2rem|2rem|2rem|2rem&#8221; z_index_tablet=&#8221;500&#8243;]<\/p>\n<p>\n<a class=\"btn-bg\" href=\"http:\/\/inovacaosocial.aldeia.inovacaosocial.portugal2020.pt\/candidaturas\/concursos-abertos\/?instrument=titulos-de-impacto-social\">Find out which calls are currently open<\/a><\/p>\n<p>[\/et_pb_text][\/et_pb_column][\/et_pb_row][\/et_pb_section][et_pb_section fb_built=&#8221;1&#8243; _builder_version=&#8221;3.22.3&#8243; z_index_tablet=&#8221;500&#8243;][et_pb_row custom_padding=&#8221;2rem|2rem|2rem|2rem&#8221; _builder_version=&#8221;3.25&#8243; background_color=&#8221;rgba(79,182,156,0.1)&#8221; border_radii=&#8221;on|6px|6px|6px|6px&#8221; z_index_tablet=&#8221;500&#8243;][et_pb_column type=&#8221;4_4&#8243; _builder_version=&#8221;3.25&#8243; custom_padding=&#8221;|||&#8221; custom_padding__hover=&#8221;|||&#8221;][et_pb_text _builder_version=&#8221;3.22.4&#8243; z_index_tablet=&#8221;500&#8243;]<\/p>\n<h2>Still have questions?<\/h2>\n<p>[\/et_pb_text][et_pb_text _builder_version=&#8221;3.22.4&#8243; z_index_tablet=&#8221;500&#8243;]<\/p>\n<p>Send us an email at <a href=\"mailto:geral@inovacaosocial.aldeia.inovacaosocial.portugal2020.pt\">geral@inovacaosocial.aldeia.inovacaosocial.portugal2020.pt<\/a> or contact one of our regional representatives directly: <\/p>\n<p>[\/et_pb_text][\/et_pb_column][\/et_pb_row][et_pb_row module_class=&#8221;email-contacts&#8221; _builder_version=&#8221;3.25&#8243; z_index_tablet=&#8221;500&#8243; column_structure=&#8221;1_3,1_3,1_3&#8243;][et_pb_column type=&#8221;1_3&#8243; _builder_version=&#8221;3.25&#8243; custom_padding=&#8221;|||&#8221; custom_padding__hover=&#8221;|||&#8221;][et_pb_team_member name=&#8221;Helena Loureiro&#8221; position=&#8221;Northern region&#8221; image_url=&#8221;https:\/\/aldeia.inovacaosocial.portugal2020.pt\/wp-content\/uploads\/sites\/3\/2018\/10\/Helena.jpg&#8221; _builder_version=&#8221;3.22.4&#8243; z_index_tablet=&#8221;500&#8243;]<\/p>\n<p><a href=\"mailto:helena.loureiro@inovacaosocial.aldeia.inovacaosocial.portugal2020.pt\">Enviar email<\/a><\/p>\n<p>[\/et_pb_team_member][\/et_pb_column][et_pb_column type=&#8221;1_3&#8243; _builder_version=&#8221;3.25&#8243; custom_padding=&#8221;|||&#8221; custom_padding__hover=&#8221;|||&#8221;][et_pb_team_member name=&#8221;Alexandra Neves&#8221; position=&#8221;Central region&#8221; image_url=&#8221;https:\/\/aldeia.inovacaosocial.portugal2020.pt\/wp-content\/uploads\/sites\/3\/2018\/10\/Alexandra.jpg&#8221; _builder_version=&#8221;3.22.4&#8243; z_index_tablet=&#8221;500&#8243;]<\/p>\n<p><a href=\"mailto:alexandra.neves@inovacaosocial.aldeia.inovacaosocial.portugal2020.pt\">Enviar email<\/a><\/p>\n<p>[\/et_pb_team_member][\/et_pb_column][et_pb_column type=&#8221;1_3&#8243; _builder_version=&#8221;3.25&#8243; custom_padding=&#8221;|||&#8221; custom_padding__hover=&#8221;|||&#8221;][et_pb_team_member name=&#8221;Francisco Fragoso&#8221; position=&#8221;Alentejo region and the Algarve&#8221; image_url=&#8221;https:\/\/aldeia.inovacaosocial.portugal2020.pt\/wp-content\/uploads\/sites\/3\/2019\/01\/F_FL9044-compressor.jpg&#8221; _builder_version=&#8221;3.22.4&#8243; z_index_tablet=&#8221;500&#8243;]<\/p>\n<p><a href=\"mailto:francisco.fragoso@inovacaosocial.aldeia.inovacaosocial.portugal2020.pt\">Enviar email<\/a><\/p>\n<p>[\/et_pb_team_member][\/et_pb_column][\/et_pb_row][\/et_pb_section]<\/p>\n","protected":false},"excerpt":{"rendered":"<p>Finances innovative projects in priority public policy areas against delivery of previously agreed measurable social outcomes. Purpose The SOCIAL IMPACT BONDS financing instrument aims at financing, against an outcome-based contract, innovative projects committed to achieving social outcomes and efficiency gains in priority public policy areas, such as Social Protection, Employment, Healthcare, Justice and Education. How [&hellip;]<\/p>\n","protected":false},"author":2,"featured_media":0,"parent":7758,"menu_order":0,"comment_status":"closed","ping_status":"closed","template":"","meta":{"_acf_changed":false,"_et_pb_use_builder":"on","_et_pb_old_content":"","_et_gb_content_width":"","inline_featured_image":false,"footnotes":""},"class_list":["post-7743","page","type-page","status-publish","hentry"],"acf":[],"_links":{"self":[{"href":"https:\/\/inovacaosocial.portugal2020.pt\/en\/wp-json\/wp\/v2\/pages\/7743","targetHints":{"allow":["GET"]}}],"collection":[{"href":"https:\/\/inovacaosocial.portugal2020.pt\/en\/wp-json\/wp\/v2\/pages"}],"about":[{"href":"https:\/\/inovacaosocial.portugal2020.pt\/en\/wp-json\/wp\/v2\/types\/page"}],"author":[{"embeddable":true,"href":"https:\/\/inovacaosocial.portugal2020.pt\/en\/wp-json\/wp\/v2\/users\/2"}],"replies":[{"embeddable":true,"href":"https:\/\/inovacaosocial.portugal2020.pt\/en\/wp-json\/wp\/v2\/comments?post=7743"}],"version-history":[{"count":4,"href":"https:\/\/inovacaosocial.portugal2020.pt\/en\/wp-json\/wp\/v2\/pages\/7743\/revisions"}],"predecessor-version":[{"id":11894,"href":"https:\/\/inovacaosocial.portugal2020.pt\/en\/wp-json\/wp\/v2\/pages\/7743\/revisions\/11894"}],"up":[{"embeddable":true,"href":"https:\/\/inovacaosocial.portugal2020.pt\/en\/wp-json\/wp\/v2\/pages\/7758"}],"wp:attachment":[{"href":"https:\/\/inovacaosocial.portugal2020.pt\/en\/wp-json\/wp\/v2\/media?parent=7743"}],"curies":[{"name":"wp","href":"https:\/\/api.w.org\/{rel}","templated":true}]}}