{"id":7719,"date":"2019-04-23T16:10:17","date_gmt":"2019-04-23T15:10:17","guid":{"rendered":"http:\/\/inovacaosocial.aldeia.inovacaosocial.portugal2020.pt\/?page_id=7719"},"modified":"2020-01-07T12:28:55","modified_gmt":"2020-01-07T12:28:55","slug":"our-team","status":"publish","type":"page","link":"https:\/\/inovacaosocial.portugal2020.pt\/en\/our-team\/","title":{"rendered":"Our Team"},"content":{"rendered":"<p>[et_pb_section bb_built=&#8221;1&#8243; fullwidth=&#8221;on&#8221; _builder_version=&#8221;3.22.3&#8243; background_color=&#8221;rgba(51,51,51,0.3)&#8221; background_image=&#8221;https:\/\/aldeia.inovacaosocial.portugal2020.pt\/wp-content\/uploads\/sites\/3\/2019\/04\/Equipa2.jpg&#8221; next_background_color=&#8221;#4fb69c&#8221;][et_pb_fullwidth_header title=&#8221;OUR TEAM&#8221; header_fullscreen=&#8221;on&#8221; _builder_version=&#8221;3.25.4&#8243; title_font_size=&#8221;60px&#8221; background_color=&#8221;rgba(51,51,51,0.6)&#8221; z_index_tablet=&#8221;500&#8243; button_one_text_size__hover_enabled=&#8221;off&#8221; button_one_text_size__hover=&#8221;null&#8221; button_two_text_size__hover_enabled=&#8221;off&#8221; button_two_text_size__hover=&#8221;null&#8221; button_one_text_color__hover_enabled=&#8221;off&#8221; button_one_text_color__hover=&#8221;null&#8221; button_two_text_color__hover_enabled=&#8221;off&#8221; button_two_text_color__hover=&#8221;null&#8221; button_one_border_width__hover_enabled=&#8221;off&#8221; button_one_border_width__hover=&#8221;null&#8221; button_two_border_width__hover_enabled=&#8221;off&#8221; button_two_border_width__hover=&#8221;null&#8221; button_one_border_color__hover_enabled=&#8221;off&#8221; button_one_border_color__hover=&#8221;null&#8221; button_two_border_color__hover_enabled=&#8221;off&#8221; button_two_border_color__hover=&#8221;null&#8221; button_one_border_radius__hover_enabled=&#8221;off&#8221; button_one_border_radius__hover=&#8221;null&#8221; button_two_border_radius__hover_enabled=&#8221;off&#8221; button_two_border_radius__hover=&#8221;null&#8221; button_one_letter_spacing__hover_enabled=&#8221;off&#8221; button_one_letter_spacing__hover=&#8221;null&#8221; button_two_letter_spacing__hover_enabled=&#8221;off&#8221; button_two_letter_spacing__hover=&#8221;null&#8221; button_one_bg_color__hover_enabled=&#8221;off&#8221; button_one_bg_color__hover=&#8221;null&#8221; button_two_bg_color__hover_enabled=&#8221;off&#8221; button_two_bg_color__hover=&#8221;null&#8221; title_text_shadow_style=&#8221;preset1&#8243; title_font=&#8221;|300|||||||&#8221; background_image=&#8221;https:\/\/aldeia.inovacaosocial.portugal2020.pt\/wp-content\/uploads\/sites\/3\/2019\/08\/IMG_6378.jpg&#8221; \/][\/et_pb_section][et_pb_section bb_built=&#8221;1&#8243; module_class=&#8221;team-map&#8221; _builder_version=&#8221;3.22.3&#8243; background_color=&#8221;#4fb69c&#8221; prev_background_color=&#8221;rgba(51,51,51,0.3)&#8221; next_background_color=&#8221;#f7f7f7&#8243;][et_pb_row custom_padding=&#8221;15px||15px|&#8221; make_equal=&#8221;on&#8221; _builder_version=&#8221;3.25&#8243; border_color_bottom=&#8221;#53bcb3&#8243; module_alignment=&#8221;center&#8221;][et_pb_column type=&#8221;4_4&#8243; _builder_version=&#8221;3.25&#8243; custom_padding=&#8221;|||&#8221; custom_padding__hover=&#8221;|||&#8221;][et_pb_text _builder_version=&#8221;3.22.4&#8243; text_orientation=&#8221;center&#8221; max_width=&#8221;70%&#8221; module_alignment=&#8221;center&#8221; z_index_tablet=&#8221;500&#8243;]<\/p>\n<p>The Portugal Social Innovation Mission Unit comprises a multidisciplinary and experienced team that is committed to our mission of promoting social innovation and stimulating the emerging social investment market in Portugal.<\/p>\n<p>Organisation is arranged into three teams:<\/p>\n<p>[\/et_pb_text][\/et_pb_column][\/et_pb_row][et_pb_row custom_padding=&#8221;15px||15px|&#8221; make_equal=&#8221;on&#8221; _builder_version=&#8221;3.25&#8243; border_color_bottom=&#8221;#53bcb3&#8243; module_alignment=&#8221;center&#8221;][et_pb_column type=&#8221;4_4&#8243; _builder_version=&#8221;3.25&#8243; custom_padding=&#8221;|||&#8221; custom_padding__hover=&#8221;|||&#8221;][et_pb_text _builder_version=&#8221;3.22.4&#8243; header_4_text_color=&#8221;#222222&#8243; text_orientation=&#8221;center&#8221; z_index_tablet=&#8221;500&#8243; custom_css_after=&#8221; content: &#8221;;|| position: absolute;|| top: 3rem;|| bottom: -14.3rem;|| width: 2px;|| background: #fff;&#8221;]<\/p>\n<h4 style=\"text-align: center;\"><strong>Presidente<\/strong><\/h4>\n<p>[\/et_pb_text][\/et_pb_column][\/et_pb_row][et_pb_row custom_padding=&#8221;15px||15px|&#8221; make_equal=&#8221;on&#8221; _builder_version=&#8221;3.25&#8243; border_color_bottom=&#8221;#53bcb3&#8243; module_alignment=&#8221;center&#8221; column_structure=&#8221;1_2,1_2&#8243;][et_pb_column type=&#8221;1_2&#8243; _builder_version=&#8221;3.25&#8243; custom_padding=&#8221;|||&#8221; custom_css_main_element=&#8221;text-align: center;&#8221; custom_padding__hover=&#8221;|||&#8221;][et_pb_text _builder_version=&#8221;3.21.1&#8243; header_4_text_color=&#8221;#222222&#8243; background_color=&#8221;#4fb69c&#8221; text_orientation=&#8221;center&#8221; z_index_tablet=&#8221;500&#8243; custom_css_main_element=&#8221;display: inline-block;|| border: 2px dashed #fff;|| padding: 10px 10px 0 10px;||z-index: 9999;&#8221; custom_css_after=&#8221; content: &#8221;;|| position: absolute;|| right: -30px;|| width: 9rem;|| height: 0;|| top: 0;|| bottom: 0;|| margin-top: auto;|| margin-bottom: auto;|| border-bottom: 2px dashed #fff;||z-index: -1;&#8221;]<\/p>\n<h4><strong>Comiss\u00e3o de Aconselhamento<\/strong><\/h4>\n<p>[\/et_pb_text][\/et_pb_column][et_pb_column type=&#8221;1_2&#8243; _builder_version=&#8221;3.25&#8243; custom_padding=&#8221;|||&#8221; custom_css_main_element=&#8221;text-align: center;&#8221; custom_padding__hover=&#8221;|||&#8221;][et_pb_text _builder_version=&#8221;3.21.1&#8243; header_4_text_color=&#8221;#222222&#8243; text_orientation=&#8221;center&#8221; z_index_tablet=&#8221;500&#8243; custom_css_before=&#8221; content: &#8221;;|| position: absolute;|| left: -29px;|| width: 12rem;|| background: #fff;|| right: 0;|| height: 2px;|| top: 0;|| bottom: 0;|| margin-top: auto;|| margin-bottom: auto;&#8221; custom_css_main_element=&#8221;display: inline-block;|| border: 2px solid #fff;|| padding: 10px 10px 0 10px;|| min-width: 11rem !important;|| background: #fff;&#8221;]<\/p>\n<h4><strong>Adjunto<\/strong><\/h4>\n<p>[\/et_pb_text][\/et_pb_column][\/et_pb_row][et_pb_row custom_padding=&#8221;15px||15px|&#8221; make_equal=&#8221;on&#8221; _builder_version=&#8221;3.25&#8243; border_color_bottom=&#8221;#53bcb3&#8243; module_alignment=&#8221;center&#8221; column_structure=&#8221;1_2,1_2&#8243;][et_pb_column type=&#8221;1_2&#8243; _builder_version=&#8221;3.25&#8243; custom_padding=&#8221;|||&#8221; custom_padding__hover=&#8221;|||&#8221;][\/et_pb_column][et_pb_column type=&#8221;1_2&#8243; _builder_version=&#8221;3.25&#8243; custom_padding=&#8221;|||&#8221; custom_padding__hover=&#8221;|||&#8221;][et_pb_text _builder_version=&#8221;3.21.1&#8243; header_text_align=&#8221;center&#8221; header_4_text_color=&#8221;#222222&#8243; text_orientation=&#8221;center&#8221; custom_margin=&#8221;auto||auto|&#8221; z_index_tablet=&#8221;500&#8243; custom_css_before=&#8221;content: &#8221;;|| position: absolute;|| left: -29px;|| width: 25px;|| background: #fff;|| right: 0;|| height: 2px;|| top: -10px;|| bottom: 0;|| margin-top: auto;|| margin-bottom: auto;&#8221;]<\/p>\n<h4 style=\"text-align: left;\"><strong>Secret\u00e1rio T\u00e9cnico<\/strong><\/h4>\n<p>[\/et_pb_text][\/et_pb_column][\/et_pb_row][et_pb_row use_custom_gutter=&#8221;on&#8221; gutter_width=&#8221;2&#8243; custom_padding=&#8221;15px||15px|&#8221; make_equal=&#8221;on&#8221; _builder_version=&#8221;3.25&#8243; border_color_top=&#8221;#53bcb3&#8243; custom_css_before=&#8221; content: &#8221;;|| position: absolute;|| right: 10rem;|| left: 10rem;|| top: 0;|| height: 27px;|| border-width: 2px 2px 0 2px;|| border-style: solid;|| border-color: #fff;&#8221; column_structure=&#8221;1_3,1_3,1_3&#8243;][et_pb_column type=&#8221;1_3&#8243; _builder_version=&#8221;3.25&#8243; custom_padding=&#8221;|||&#8221; custom_padding__hover=&#8221;|||&#8221;][et_pb_toggle title=&#8221;Management Support Team&#8221; open_toggle_background_color=&#8221;#ffffff&#8221; closed_toggle_background_color=&#8221;#ffffff&#8221; icon_color=&#8221;#4fb69c&#8221; _builder_version=&#8221;3.22.4&#8243; title_text_color=&#8221;#222222&#8243; title_level=&#8221;h4&#8243; title_text_align=&#8221;center&#8221; border_width_all=&#8221;0&#8243; border_style_all=&#8221;none&#8221; z_index_tablet=&#8221;500&#8243;]<\/p>\n<p>This teams provides direct support to the President in matters related to administrative, asset and human resources management, as well as communication and strategic support.<\/p>\n<p>[\/et_pb_toggle][\/et_pb_column][et_pb_column type=&#8221;1_3&#8243; _builder_version=&#8221;3.25&#8243; custom_padding=&#8221;|||&#8221; custom_padding__hover=&#8221;|||&#8221;][et_pb_toggle title=&#8221;Technical Financing Team&#8221; open_toggle_background_color=&#8221;#ffffff&#8221; closed_toggle_background_color=&#8221;#ffffff&#8221; icon_color=&#8221;#4fb69c&#8221; _builder_version=&#8221;3.22.4&#8243; title_text_color=&#8221;#222222&#8243; title_level=&#8221;h4&#8243; title_text_align=&#8221;center&#8221; border_width_all=&#8221;0&#8243; border_style_all=&#8221;none&#8221; z_index_tablet=&#8221;500&#8243;]<\/p>\n<p>This team monitors the implementation of the four financing instruments Portugal Inova\u00e7\u00e3o Social manages, in particular by collaborating in the preparation of support documentation to operate the instruments, clarify doubts regarding said operation, assessing applications and monitoring the implementation of approved projects.<\/p>\n<p>[\/et_pb_toggle][\/et_pb_column][et_pb_column type=&#8221;1_3&#8243; _builder_version=&#8221;3.25&#8243; custom_padding=&#8221;|||&#8221; custom_padding__hover=&#8221;|||&#8221;][et_pb_toggle title=&#8221;Technical Activation Team&#8221; open_toggle_background_color=&#8221;#ffffff&#8221; closed_toggle_background_color=&#8221;#ffffff&#8221; icon_color=&#8221;#4fb69c&#8221; _builder_version=&#8221;3.22.4&#8243; title_text_color=&#8221;#222222&#8243; title_level=&#8221;h4&#8243; title_text_align=&#8221;center&#8221; border_width_all=&#8221;0&#8243; border_style_all=&#8221;none&#8221; z_index_tablet=&#8221;500&#8243;]<\/p>\n<p>This team is in charge of stimulating social innovation and social entrepreneurship at a regional level, by promoting the Portugal Inova\u00e7\u00e3o Social initiative and its respective financing instruments, mobilizing public and private entities to collaborate with social innovation projects, clarifying doubts and encouraging a network of knowledge and experience sharing to stimulate the development and sustainability of social innovation and social entrepreneurship in the territories it covers.<\/p>\n<p>[\/et_pb_toggle][\/et_pb_column][\/et_pb_row][\/et_pb_section][et_pb_section bb_built=&#8221;1&#8243; _builder_version=&#8221;3.22.3&#8243; background_color=&#8221;#f7f7f7&#8243; prev_background_color=&#8221;#4fb69c&#8221; next_background_color=&#8221;#ffffff&#8221;][et_pb_row use_custom_gutter=&#8221;on&#8221; gutter_width=&#8221;4&#8243; _builder_version=&#8221;3.25&#8243; column_structure=&#8221;1_2,1_2&#8243;][et_pb_column type=&#8221;1_2&#8243; _builder_version=&#8221;3.25&#8243; custom_padding=&#8221;|||&#8221; custom_padding__hover=&#8221;|||&#8221;][et_pb_team_member name=&#8221;Filipe Almeida&#8221; position=&#8221;President&#8221; image_url=&#8221;https:\/\/aldeia.inovacaosocial.portugal2020.pt\/wp-content\/uploads\/sites\/3\/2019\/04\/Filipe_cor.jpg&#8221; _builder_version=&#8221;3.22.4&#8243; z_index_tablet=&#8221;500&#8243;]<\/p>\n<p>Born in Coimbra, he has lived in several cities across the country, studied in the United States and took his PhD in Rio de Janeiro. He is an academic and has been a lecturer at the University of Coimbra\u2019s Faculty of Economics since 1996. He holds a degree in Business Management and a PhD in Business Administration, and fancies moral philosophy and other ways of looking at things and of thinking. He is also a researcher at the Centre of Social Studies and the Centre of Cooperative and Social Economy Studies, and lectures on Financial Accounting, Human Resources Management, Organisational Behaviour, Ethics and Corporate Social Responsibility. A humanist with a metaphysical calling and musician,  he teaches to learn, likes to smile, prefers the countryside and mountains, retreats in poetry and, if he could, would sow all of life\u2019s precious moments.<\/p>\n<p>[\/et_pb_team_member][et_pb_team_member name=&#8221;M\u00e1rio Dias&#8221; position=&#8221;Technical Secretary (coordinates the Technical Financing Team)&#8221; image_url=&#8221;https:\/\/aldeia.inovacaosocial.portugal2020.pt\/wp-content\/uploads\/sites\/3\/2018\/10\/F_FL8706.jpg&#8221; _builder_version=&#8221;3.22.4&#8243; z_index_tablet=&#8221;500&#8243;]<\/p>\n<p>Born and living in Coimbra, he holds a degree in Business Organisation and Management from the University of Coimbra&#8217;s Faculty of Economics. He has monitored European Structural and Investment Funds, on behalf of the financing body, since 2001, and has been with Portugal Inova\u00e7\u00e3o Social since 2015. He has been an Acad\u00e9mica de Coimbra football fan since forever, plays basketball and other sports that don\u2019t benefit from his height. He loves music and is curious, direct, enigmatic and has a wonderful sense of humour.<\/p>\n<p>[\/et_pb_team_member][et_pb_team_member name=&#8221;Carla Rocha&#8221; position=&#8221;Equipa T\u00e9cnica de Financiamento&#8221; image_url=&#8221;https:\/\/aldeia.inovacaosocial.portugal2020.pt\/wp-content\/uploads\/sites\/3\/2018\/10\/Carla.jpg&#8221; _builder_version=&#8221;3.22.4&#8243; z_index_tablet=&#8221;500&#8243;]<\/p>\n<p>With a degree in Economics from the University of Coimbra\u2019s Faculty of Economics, she has had a varied professional career, closely linked to Social Economy. A micro-entrepreneur, mother of six and of Angolan descent, she is also part Lisbonite and loves Coimbra. She restores furniture and smiles, and is a firm believer in the notion that change in the world lies in the hands of a small group of thoughtful and committed citizens, just as anthropologist Margaret Mead so eloquently stated.<\/p>\n<p>[\/et_pb_team_member][et_pb_team_member name=&#8221;Marco Costa&#8221; position=&#8221;Equipa T\u00e9cnica de Financiamento&#8221; image_url=&#8221;https:\/\/aldeia.inovacaosocial.portugal2020.pt\/wp-content\/uploads\/sites\/3\/2018\/10\/Marco.jpg&#8221; _builder_version=&#8221;3.22.4&#8243; z_index_tablet=&#8221;500&#8243;]<\/p>\n<p>Born and raised in Penacova, near the Mondego River, he holds a degree in Business Organisation and Management from the University of Coimbra&#8217;s Faculty of Economics. His time at university was an important period in his life, not only academically, where he found his calling for financial management and information systems, but also socially, where he made friends for life.  He has always been involved with EU Funds, whether working with promoting bodies or with financing institutions. He joined Portugal Inova\u00e7\u00e3o Social in 2015, on a project that he believes is \u201cdisruptive and motivating\u201d, with a team he identifies with immensely. He loves technology, nature, cinema, Sporting football club and hanging out with friends or family. He was put to the test as a teenager, which shaped who he is and his outlook on life: steadfast optimist and firm believer that we should live in the now, one day at a time. He believes smiling is contagious and loves what he does, but his family comes first.<\/p>\n<p>[\/et_pb_team_member][et_pb_team_member name=&#8221;Alexandra Neves&#8221; position=&#8221;Equipa T\u00e9cnica de Ativa\u00e7\u00e3o (Regi\u00e3o Centro)&#8221; image_url=&#8221;https:\/\/aldeia.inovacaosocial.portugal2020.pt\/wp-content\/uploads\/sites\/3\/2018\/10\/Alexandra.jpg&#8221; _builder_version=&#8221;3.22.4&#8243; z_index_tablet=&#8221;500&#8243;]<\/p>\n<p>Born and raised in Tr\u00e1s-os-Montes, in the north of Portugal, she wanted to be a journalist or a psychologist so that she could work in war or disaster zones because she was fascinated by the images she saw on TV at home. She holds a degree in Human Resources Management and Gerontology and looks after those in need. She is a choir conductor, missionary, devoted advocate for justice and love, and easy going. Fate brought her to Portugal Inova\u00e7\u00e3o Social, where today she can be part journalist, part psychologist and part manager, but in other wars: discovering, encouraging and monitoring projects with the power to change communities and the world.<\/p>\n<p>[\/et_pb_team_member][et_pb_team_member name=&#8221;Francisco Fragoso&#8221; position=&#8221;Equipa de T\u00e9cnica de Ativa\u00e7\u00e3o (Regi\u00f5es do Alentejo e Algarve)&#8221; image_url=&#8221;https:\/\/aldeia.inovacaosocial.portugal2020.pt\/wp-content\/uploads\/sites\/3\/2019\/01\/F_FL9044-compressor.jpg&#8221; _builder_version=&#8221;3.22.4&#8243; z_index_tablet=&#8221;500&#8243;]<\/p>\n<p>A father, born in the Alentejo region and Benfica fan, he likes Sociology because it simplifies understanding. For twenty years, he designed and managed projects, created, helped create and managed companies, ran NGOs and sat on the Board of other organisations involved in development. He consultants, has published several books and believes in social innovation and in sustainable development. He takes photographs because he doesn\u2019t know how to paint. He takes photographs because he doesn\u2019t know how to write poetry. He takes photographs because he believes that nature is the best poetry on canvas. He likes red, white and sparkling wine, which he prefers to have in good company rather than with food. Along the way he thought that he wanted to change the world, until he realised that it was he who had to change. The world knows best. Make no mistake about it.<\/p>\n<p>[\/et_pb_team_member][\/et_pb_column][et_pb_column type=&#8221;1_2&#8243; _builder_version=&#8221;3.25&#8243; custom_padding=&#8221;|||&#8221; custom_padding__hover=&#8221;|||&#8221;][et_pb_team_member name=&#8221;Marta Albuquerque&#8221; position=&#8221;Deputy&#8221; image_url=&#8221;https:\/\/aldeia.inovacaosocial.portugal2020.pt\/wp-content\/uploads\/sites\/3\/2018\/10\/Marta.jpg&#8221; _builder_version=&#8221;3.22.4&#8243; z_index_tablet=&#8221;500&#8243;]<\/p>\n<p>Born in Mangualde and a mother, she holds a degree in Economics from Nova University, Lisbon. She has a natural talent to crunch numbers and hear words, take on red tape, regulations, plans, mistakes and people with the patience of someone who knows that everything is easier than it seems. She prefers to appreciate than to spend. After 15 years of planning, managing and controlling the budget for Infraestruturas de Portugal, she decided to ride the Portugal Inova\u00e7\u00e3o Social train to help change the world.<\/p>\n<p>[\/et_pb_team_member][et_pb_team_member name=&#8221;Jo\u00e3o Machado&#8221; position=&#8221;Technical Financing Team (monitors the Social Innovation Fund)&#8221; image_url=&#8221;https:\/\/aldeia.inovacaosocial.portugal2020.pt\/wp-content\/uploads\/sites\/3\/2019\/01\/machado.png&#8221; _builder_version=&#8221;3.22.4&#8243; z_index_tablet=&#8221;500&#8243;]<\/p>\n<p>Raised in Cartaxo, which he visits whenever he can, and having studied Management in Lisbon and Macau, sustainability and entrepreneurship have always been a part of his journey. He has worked with three consulting companies, collaborated in the drafting of several sustainability reports for multinationals and has prepared dozens of business plans for startups. He believes that economic models should serve society, and not the other way around. A principled karate kid, music and singing are his passion. Driven by the task of helping to implement the Social Innovation Fund, he does so to the sound of Wilco.<\/p>\n<p>[\/et_pb_team_member][et_pb_team_member name=&#8221;Lu\u00edsa Bernardes&#8221; position=&#8221;Equipa T\u00e9cnica de Financiamento&#8221; image_url=&#8221;https:\/\/aldeia.inovacaosocial.portugal2020.pt\/wp-content\/uploads\/sites\/3\/2018\/10\/Lu\u00edsa.jpg&#8221; _builder_version=&#8221;3.22.4&#8243; z_index_tablet=&#8221;500&#8243;]<\/p>\n<p>Woman, mother and figueirense through and through, she is heavily influenced by Figueira da Foz, a city open to the world which led her to pursue International Relations. Part of international networks and projects for the past two decades, she has had the opportunity to travel and meet people from different cultures and with different traditions. She loves technology, innovation, strategy and communication, and believes that \u201cpurpose\u201d is the currency for change. Steadfast optimist, she encourages and feeds off the belief that the world can be changed. And believes that it changes every day.<\/p>\n<p>[\/et_pb_team_member][et_pb_team_member name=&#8221;Marisa Malva&#8221; position=&#8221;Equipa T\u00e9cnica de Financiamento&#8221; image_url=&#8221;https:\/\/aldeia.inovacaosocial.portugal2020.pt\/wp-content\/uploads\/sites\/3\/2018\/10\/F_FL8440.jpg&#8221; _builder_version=&#8221;3.22.4&#8243; z_index_tablet=&#8221;500&#8243;]<\/p>\n<p>Born in Coimbra, where you can get lost and be found, she has wanted to be involved in  public service since she was a little girl and, perhaps, this is what led her to take a degree in Public Administration. She likes the simple things in life, and freedom, and strolls through history and the streets that made it. She collects succulent plants and plants herbs. Torn between Acad\u00e9mica de Coimbra and Sporting football clubs, she cooks and sprinkles the other parts of her life with the certainty that there will always be light on the other side of darkness. She joined Portugal Inova\u00e7\u00e3o Social because \u201cdreams are what push us forward\u201d.<\/p>\n<p>[\/et_pb_team_member][et_pb_team_member name=&#8221;Helena Loureiro&#8221; position=&#8221;Equipa T\u00e9cnica de Ativa\u00e7\u00e3o \u2013 Regi\u00e3o Norte&#8221; image_url=&#8221;https:\/\/aldeia.inovacaosocial.portugal2020.pt\/wp-content\/uploads\/sites\/3\/2018\/10\/Helena.jpg&#8221; _builder_version=&#8221;3.22.4&#8243; z_index_tablet=&#8221;500&#8243;]<\/p>\n<p>With a degree in Psychology, she began her career as senior clerk at the Gondomar City Council, has chaired the Gondomar Child and Youth Protection Committee and was Head of the Gondomar Social Welfare and Healthcare Department. She was founding partner and Chair of the Board of association Gondomar Social &#8211; Associa\u00e7\u00e3o de Interven\u00e7\u00e3o Comunit\u00e1ria, which oversees the first Specialised Foster Home, \u201cGondomar Cora\u00e7\u00e3o d\u2019Ouro\u201d. A proud native of Porto, she loves listening to and feeling music, cooking just for a few or for many, skating on solid ground or in impossible dreams, chatting for the sake of it, meeting new people, experiencing new cultures and continuously learning. Growing with her kids is her passion and blue and white, the colours of Porto football club, course through her veins.<\/p>\n<p>[\/et_pb_team_member][\/et_pb_column][\/et_pb_row][\/et_pb_section][et_pb_section bb_built=&#8221;1&#8243; _builder_version=&#8221;3.22.3&#8243; module_alignment=&#8221;left&#8221; z_index_tablet=&#8221;500&#8243; prev_background_color=&#8221;#f7f7f7&#8243;][et_pb_row _builder_version=&#8221;3.25&#8243; z_index_tablet=&#8221;500&#8243;][et_pb_column type=&#8221;4_4&#8243; _builder_version=&#8221;3.25&#8243; custom_padding=&#8221;|||&#8221; custom_padding__hover=&#8221;|||&#8221;][et_pb_text _builder_version=&#8221;3.22.4&#8243; z_index_tablet=&#8221;500&#8243; text_orientation=&#8221;left&#8221;]<\/p>\n<h2>Expressions of Interest and Spontaneous Applications<\/h2>\n<p>[\/et_pb_text][\/et_pb_column][\/et_pb_row][et_pb_row _builder_version=&#8221;3.25&#8243; z_index_tablet=&#8221;500&#8243;][et_pb_column type=&#8221;4_4&#8243; _builder_version=&#8221;3.25&#8243; custom_padding=&#8221;|||&#8221; custom_padding__hover=&#8221;|||&#8221;][et_pb_text _builder_version=&#8221;3.22.4&#8243; module_alignment=&#8221;left&#8221; z_index_tablet=&#8221;500&#8243; text_orientation=&#8221;left&#8221;]<\/p>\n<p>\nSend us your CV by email to <a href=\"mailto:secretariado@inovacaosocial.aldeia.inovacaosocial.portugal2020.pt\">secretariado@inovacaosocial.aldeia.inovacaosocial.portugal2020.pt<\/a>, telling us the profile you are interested in, as well as your current role\/position and employment situation.<\/p>\n<p><i>Expressions of interest and spontaneous applications from civil servants will be given priority.<\/i><\/p>\n<p>[\/et_pb_text][\/et_pb_column][\/et_pb_row][\/et_pb_section]<\/p>\n","protected":false},"excerpt":{"rendered":"<p>The Portugal Social Innovation Mission Unit comprises a multidisciplinary and experienced team that is committed to our mission of promoting social innovation and stimulating the emerging social investment market in Portugal. Organisation is arranged into three teams: Presidente Comiss\u00e3o de Aconselhamento Adjunto Secret\u00e1rio T\u00e9cnico This teams provides direct support to the President in matters related [&hellip;]<\/p>\n","protected":false},"author":2,"featured_media":0,"parent":0,"menu_order":0,"comment_status":"closed","ping_status":"closed","template":"","meta":{"_acf_changed":false,"_et_pb_use_builder":"on","_et_pb_old_content":"","_et_gb_content_width":"","inline_featured_image":false,"footnotes":""},"class_list":["post-7719","page","type-page","status-publish","hentry"],"acf":[],"_links":{"self":[{"href":"https:\/\/inovacaosocial.portugal2020.pt\/en\/wp-json\/wp\/v2\/pages\/7719","targetHints":{"allow":["GET"]}}],"collection":[{"href":"https:\/\/inovacaosocial.portugal2020.pt\/en\/wp-json\/wp\/v2\/pages"}],"about":[{"href":"https:\/\/inovacaosocial.portugal2020.pt\/en\/wp-json\/wp\/v2\/types\/page"}],"author":[{"embeddable":true,"href":"https:\/\/inovacaosocial.portugal2020.pt\/en\/wp-json\/wp\/v2\/users\/2"}],"replies":[{"embeddable":true,"href":"https:\/\/inovacaosocial.portugal2020.pt\/en\/wp-json\/wp\/v2\/comments?post=7719"}],"version-history":[{"count":4,"href":"https:\/\/inovacaosocial.portugal2020.pt\/en\/wp-json\/wp\/v2\/pages\/7719\/revisions"}],"predecessor-version":[{"id":14103,"href":"https:\/\/inovacaosocial.portugal2020.pt\/en\/wp-json\/wp\/v2\/pages\/7719\/revisions\/14103"}],"wp:attachment":[{"href":"https:\/\/inovacaosocial.portugal2020.pt\/en\/wp-json\/wp\/v2\/media?parent=7719"}],"curies":[{"name":"wp","href":"https:\/\/api.w.org\/{rel}","templated":true}]}}